{"id":658509,"date":"2025-11-05T18:00:23","date_gmt":"2025-11-05T18:00:23","guid":{"rendered":"https:\/\/autocoin.ai\/?post_type=product&#038;p=658509"},"modified":"2025-11-05T18:18:40","modified_gmt":"2025-11-05T18:18:40","slug":"bot-trading-automatico","status":"publish","type":"product","link":"https:\/\/autocoin.ai\/es\/product\/bot-trading-automatico\/","title":{"rendered":"Bots de trading de criptomonedas con tecnolog\u00eda de IA"},"content":{"rendered":"<h2 data-start=\"133\" data-end=\"167\">Bot de trading de criptomonedas con tecnolog\u00eda de IA<\/h2>\n<p data-start=\"169\" data-end=\"389\">Lleva tu trading al siguiente nivel con la automatizaci\u00f3n inteligente. Los bots con tecnolog\u00eda de IA de AutoCoin analizan datos de mercado en tiempo real, detectan oportunidades rentables y ejecutan operaciones al instante, sin necesidad de intervenci\u00f3n manual.<\/p>\n<h3 data-start=\"391\" data-end=\"409\">Caracter\u00edsticas principales<\/h3>\n<ul data-start=\"410\" data-end=\"800\">\n<li data-start=\"410\" data-end=\"499\">\n<p data-start=\"412\" data-end=\"499\"><strong data-start=\"412\" data-end=\"437\">An\u00e1lisis de mercado inteligente<\/strong>: la IA identifica operaciones de alta probabilidad basadas en datos en vivo.<\/p>\n<\/li>\n<li data-start=\"500\" data-end=\"594\">\n<p data-start=\"502\" data-end=\"594\"><strong data-start=\"502\" data-end=\"528\">Trading automatizado 24\/7<\/strong>: aprovecha las oportunidades las 24 horas del d\u00eda, incluso mientras duermes.<\/p>\n<\/li>\n<li data-start=\"595\" data-end=\"694\">\n<p data-start=\"597\" data-end=\"694\"><strong data-start=\"597\" data-end=\"629\">Compatibilidad con m\u00faltiples exchanges<\/strong>: con\u00e9ctate sin problemas con Binance, Coinbase, Kraken y m\u00e1s.<\/p>\n<\/li>\n<li data-start=\"695\" data-end=\"800\">\n<p data-start=\"697\" data-end=\"800\"><strong data-start=\"697\" data-end=\"722\">Panel de rendimiento<\/strong>: supervisa el estado de la cartera, las se\u00f1ales en vivo y los resultados del trading en tiempo real.<\/p>\n<\/li>\n<\/ul>\n<h3 data-start=\"802\" data-end=\"819\">Perfecto para<\/h3>\n<ul data-start=\"820\" data-end=\"1003\">\n<li data-start=\"820\" data-end=\"882\">\n<p data-start=\"822\" data-end=\"882\">Principiantes que desean una forma sencilla y automatizada de intercambiar criptomonedas<\/p>\n<\/li>\n<li data-start=\"883\" data-end=\"939\">\n<p data-start=\"885\" data-end=\"939\">Inversores ocupados que buscan estrategias de ingresos pasivos<\/p>\n<\/li>\n<li data-start=\"940\" data-end=\"1003\">\n<p data-start=\"942\" data-end=\"1003\">Traders experimentados que desean una ejecuci\u00f3n precisa basada en datos<\/p>\n<\/li>\n<\/ul>\n<h3 data-start=\"1005\" data-end=\"1026\">Qu\u00e9 incluye<\/h3>\n<ul data-start=\"1027\" data-end=\"1171\">\n<li data-start=\"1027\" data-end=\"1058\">\n<p data-start=\"1029\" data-end=\"1058\">Licencia de bot de AutoCoin de 1 a\u00f1o<\/p>\n<\/li>\n<li data-start=\"1059\" data-end=\"1091\">\n<p data-start=\"1061\" data-end=\"1091\">Plantillas de estrategia predefinidas<\/p>\n<\/li>\n<li data-start=\"1092\" data-end=\"1125\">\n<p data-start=\"1094\" data-end=\"1125\">Asistencia de configuraci\u00f3n paso a paso<\/p>\n<\/li>\n<li data-start=\"1126\" data-end=\"1171\">\n<p data-start=\"1128\" data-end=\"1171\">Acceso a la comunidad y soporte t\u00e9cnico especializado<\/p>\n<\/li>\n<\/ul>\n<p data-start=\"1173\" data-end=\"1261\">Desbloquea el futuro del trading y deja que la IA trabaje por ti: de forma m\u00e1s inteligente, m\u00e1s r\u00e1pida y siempre activa.<\/p>\n","protected":false},"excerpt":{"rendered":"<p>Automatiza tu trading de criptomonedas con nuestros bots impulsados por IA. Analiza los mercados, ejecuta operaciones 24\/7 y mejora tu cartera utilizando el aprendizaje autom\u00e1tico de vanguardia.<\/p>\n","protected":false},"featured_media":658402,"template":"","meta":{"_acf_changed":false},"product_brand":[],"product_cat":[76],"product_tag":[],"class_list":{"0":"post-658509","1":"product","2":"type-product","3":"status-publish","4":"has-post-thumbnail","6":"product_cat-bots-de-trading","8":"first","9":"instock","10":"sold-individually","11":"taxable","12":"shipping-taxable","13":"purchasable","14":"product-type-subscription"},"acf":[],"yoast_head":"<!-- This site is optimized with the Yoast SEO plugin v27.3 - https:\/\/yoast.com\/product\/yoast-seo-wordpress\/ -->\n<title>Bots de trading de criptomonedas con tecnolog\u00eda de IA - AutoCoin<\/title>\n<meta name=\"robots\" content=\"index, follow, max-snippet:-1, max-image-preview:large, max-video-preview:-1\" \/>\n<link rel=\"canonical\" href=\"https:\/\/autocoin.ai\/es\/product\/bot-trading-automatico\/\" \/>\n<meta property=\"og:locale\" content=\"es_ES\" \/>\n<meta property=\"og:type\" content=\"article\" \/>\n<meta property=\"og:title\" content=\"Bots de trading de criptomonedas con tecnolog\u00eda de IA - AutoCoin\" \/>\n<meta property=\"og:description\" content=\"Automatiza tu trading de criptomonedas con nuestros bots impulsados por IA. Analiza los mercados, ejecuta operaciones 24\/7 y mejora tu cartera utilizando el aprendizaje autom\u00e1tico de vanguardia.\" \/>\n<meta property=\"og:url\" content=\"https:\/\/autocoin.ai\/es\/product\/bot-trading-automatico\/\" \/>\n<meta property=\"og:site_name\" content=\"AutoCoin\" \/>\n<meta property=\"article:publisher\" content=\"https:\/\/www.facebook.com\/AutoCoin\/\" \/>\n<meta property=\"article:modified_time\" content=\"2025-11-05T18:18:40+00:00\" \/>\n<meta property=\"og:image\" content=\"https:\/\/autocoin.ai\/wp-content\/uploads\/2026\/04\/AutocoinFav.jpg\" \/>\n\t<meta property=\"og:image:width\" content=\"647\" \/>\n\t<meta property=\"og:image:height\" content=\"663\" \/>\n\t<meta property=\"og:image:type\" content=\"image\/jpeg\" \/>\n<meta name=\"twitter:card\" content=\"summary_large_image\" \/>\n<meta name=\"twitter:image\" content=\"https:\/\/autocoin.ai\/wp-content\/uploads\/2026\/04\/AutocoinFav.jpg\" \/>\n<meta name=\"twitter:label1\" content=\"Tiempo de lectura\" \/>\n\t<meta name=\"twitter:data1\" content=\"1 minuto\" \/>\n<script type=\"application\/ld+json\" class=\"yoast-schema-graph\">{\"@context\":\"https:\\\/\\\/schema.org\",\"@graph\":[{\"@type\":\"WebPage\",\"@id\":\"https:\\\/\\\/autocoin.ai\\\/es\\\/product\\\/bot-trading-automatico\\\/\",\"url\":\"https:\\\/\\\/autocoin.ai\\\/es\\\/product\\\/bot-trading-automatico\\\/\",\"name\":\"Bots de trading de criptomonedas con tecnolog\u00eda de IA - AutoCoin\",\"isPartOf\":{\"@id\":\"https:\\\/\\\/autocoin.ai\\\/es\\\/#website\"},\"primaryImageOfPage\":{\"@id\":\"https:\\\/\\\/autocoin.ai\\\/es\\\/product\\\/bot-trading-automatico\\\/#primaryimage\"},\"image\":{\"@id\":\"https:\\\/\\\/autocoin.ai\\\/es\\\/product\\\/bot-trading-automatico\\\/#primaryimage\"},\"thumbnailUrl\":\"https:\\\/\\\/autocoin.ai\\\/wp-content\\\/uploads\\\/2025\\\/07\\\/AUTCProduct.png\",\"datePublished\":\"2025-11-05T18:00:23+00:00\",\"dateModified\":\"2025-11-05T18:18:40+00:00\",\"breadcrumb\":{\"@id\":\"https:\\\/\\\/autocoin.ai\\\/es\\\/product\\\/bot-trading-automatico\\\/#breadcrumb\"},\"inLanguage\":\"es\",\"potentialAction\":[{\"@type\":\"ReadAction\",\"target\":[\"https:\\\/\\\/autocoin.ai\\\/es\\\/product\\\/bot-trading-automatico\\\/\"]}]},{\"@type\":\"ImageObject\",\"inLanguage\":\"es\",\"@id\":\"https:\\\/\\\/autocoin.ai\\\/es\\\/product\\\/bot-trading-automatico\\\/#primaryimage\",\"url\":\"https:\\\/\\\/autocoin.ai\\\/wp-content\\\/uploads\\\/2025\\\/07\\\/AUTCProduct.png\",\"contentUrl\":\"https:\\\/\\\/autocoin.ai\\\/wp-content\\\/uploads\\\/2025\\\/07\\\/AUTCProduct.png\",\"width\":2000,\"height\":1125},{\"@type\":\"BreadcrumbList\",\"@id\":\"https:\\\/\\\/autocoin.ai\\\/es\\\/product\\\/bot-trading-automatico\\\/#breadcrumb\",\"itemListElement\":[{\"@type\":\"ListItem\",\"position\":1,\"name\":\"Home\",\"item\":\"https:\\\/\\\/autocoin.ai\\\/es\\\/inicio\\\/\"},{\"@type\":\"ListItem\",\"position\":2,\"name\":\"Tienda\",\"item\":\"https:\\\/\\\/autocoin.ai\\\/es\\\/tienda\\\/\"},{\"@type\":\"ListItem\",\"position\":3,\"name\":\"Bots de trading de criptomonedas con tecnolog\u00eda de IA\"}]},{\"@type\":\"WebSite\",\"@id\":\"https:\\\/\\\/autocoin.ai\\\/es\\\/#website\",\"url\":\"https:\\\/\\\/autocoin.ai\\\/es\\\/\",\"name\":\"AutoCoin\",\"description\":\"The Future of Trading\",\"publisher\":{\"@id\":\"https:\\\/\\\/autocoin.ai\\\/es\\\/#organization\"},\"potentialAction\":[{\"@type\":\"SearchAction\",\"target\":{\"@type\":\"EntryPoint\",\"urlTemplate\":\"https:\\\/\\\/autocoin.ai\\\/es\\\/?s={search_term_string}\"},\"query-input\":{\"@type\":\"PropertyValueSpecification\",\"valueRequired\":true,\"valueName\":\"search_term_string\"}}],\"inLanguage\":\"es\"},{\"@type\":\"Organization\",\"@id\":\"https:\\\/\\\/autocoin.ai\\\/es\\\/#organization\",\"name\":\"AutoCoin\",\"url\":\"https:\\\/\\\/autocoin.ai\\\/es\\\/\",\"logo\":{\"@type\":\"ImageObject\",\"inLanguage\":\"es\",\"@id\":\"https:\\\/\\\/autocoin.ai\\\/es\\\/#\\\/schema\\\/logo\\\/image\\\/\",\"url\":\"https:\\\/\\\/autocoin.ai\\\/wp-content\\\/uploads\\\/2026\\\/03\\\/cropped-Autocoin-favicon.jpeg\",\"contentUrl\":\"https:\\\/\\\/autocoin.ai\\\/wp-content\\\/uploads\\\/2026\\\/03\\\/cropped-Autocoin-favicon.jpeg\",\"width\":512,\"height\":512,\"caption\":\"AutoCoin\"},\"image\":{\"@id\":\"https:\\\/\\\/autocoin.ai\\\/es\\\/#\\\/schema\\\/logo\\\/image\\\/\"},\"sameAs\":[\"https:\\\/\\\/www.facebook.com\\\/AutoCoin\\\/\",\"https:\\\/\\\/www.instagram.com\\\/autocoinai\\\/\",\"https:\\\/\\\/t.me\\\/autocoinai\"]}]}<\/script>\n<!-- \/ Yoast SEO plugin. -->","yoast_head_json":{"title":"Bots de trading de criptomonedas con tecnolog\u00eda de IA - AutoCoin","robots":{"index":"index","follow":"follow","max-snippet":"max-snippet:-1","max-image-preview":"max-image-preview:large","max-video-preview":"max-video-preview:-1"},"canonical":"https:\/\/autocoin.ai\/es\/product\/bot-trading-automatico\/","og_locale":"es_ES","og_type":"article","og_title":"Bots de trading de criptomonedas con tecnolog\u00eda de IA - AutoCoin","og_description":"Automatiza tu trading de criptomonedas con nuestros bots impulsados por IA. Analiza los mercados, ejecuta operaciones 24\/7 y mejora tu cartera utilizando el aprendizaje autom\u00e1tico de vanguardia.","og_url":"https:\/\/autocoin.ai\/es\/product\/bot-trading-automatico\/","og_site_name":"AutoCoin","article_publisher":"https:\/\/www.facebook.com\/AutoCoin\/","article_modified_time":"2025-11-05T18:18:40+00:00","og_image":[{"url":"https:\/\/autocoin.ai\/wp-content\/uploads\/2026\/04\/AutocoinFav.jpg","width":647,"height":663,"type":"image\/jpeg"}],"twitter_card":"summary_large_image","twitter_image":"https:\/\/autocoin.ai\/wp-content\/uploads\/2026\/04\/AutocoinFav.jpg","twitter_misc":{"Tiempo de lectura":"1 minuto"},"schema":{"@context":"https:\/\/schema.org","@graph":[{"@type":"WebPage","@id":"https:\/\/autocoin.ai\/es\/product\/bot-trading-automatico\/","url":"https:\/\/autocoin.ai\/es\/product\/bot-trading-automatico\/","name":"Bots de trading de criptomonedas con tecnolog\u00eda de IA - AutoCoin","isPartOf":{"@id":"https:\/\/autocoin.ai\/es\/#website"},"primaryImageOfPage":{"@id":"https:\/\/autocoin.ai\/es\/product\/bot-trading-automatico\/#primaryimage"},"image":{"@id":"https:\/\/autocoin.ai\/es\/product\/bot-trading-automatico\/#primaryimage"},"thumbnailUrl":"https:\/\/autocoin.ai\/wp-content\/uploads\/2025\/07\/AUTCProduct.png","datePublished":"2025-11-05T18:00:23+00:00","dateModified":"2025-11-05T18:18:40+00:00","breadcrumb":{"@id":"https:\/\/autocoin.ai\/es\/product\/bot-trading-automatico\/#breadcrumb"},"inLanguage":"es","potentialAction":[{"@type":"ReadAction","target":["https:\/\/autocoin.ai\/es\/product\/bot-trading-automatico\/"]}]},{"@type":"ImageObject","inLanguage":"es","@id":"https:\/\/autocoin.ai\/es\/product\/bot-trading-automatico\/#primaryimage","url":"https:\/\/autocoin.ai\/wp-content\/uploads\/2025\/07\/AUTCProduct.png","contentUrl":"https:\/\/autocoin.ai\/wp-content\/uploads\/2025\/07\/AUTCProduct.png","width":2000,"height":1125},{"@type":"BreadcrumbList","@id":"https:\/\/autocoin.ai\/es\/product\/bot-trading-automatico\/#breadcrumb","itemListElement":[{"@type":"ListItem","position":1,"name":"Home","item":"https:\/\/autocoin.ai\/es\/inicio\/"},{"@type":"ListItem","position":2,"name":"Tienda","item":"https:\/\/autocoin.ai\/es\/tienda\/"},{"@type":"ListItem","position":3,"name":"Bots de trading de criptomonedas con tecnolog\u00eda de IA"}]},{"@type":"WebSite","@id":"https:\/\/autocoin.ai\/es\/#website","url":"https:\/\/autocoin.ai\/es\/","name":"AutoCoin","description":"The Future of Trading","publisher":{"@id":"https:\/\/autocoin.ai\/es\/#organization"},"potentialAction":[{"@type":"SearchAction","target":{"@type":"EntryPoint","urlTemplate":"https:\/\/autocoin.ai\/es\/?s={search_term_string}"},"query-input":{"@type":"PropertyValueSpecification","valueRequired":true,"valueName":"search_term_string"}}],"inLanguage":"es"},{"@type":"Organization","@id":"https:\/\/autocoin.ai\/es\/#organization","name":"AutoCoin","url":"https:\/\/autocoin.ai\/es\/","logo":{"@type":"ImageObject","inLanguage":"es","@id":"https:\/\/autocoin.ai\/es\/#\/schema\/logo\/image\/","url":"https:\/\/autocoin.ai\/wp-content\/uploads\/2026\/03\/cropped-Autocoin-favicon.jpeg","contentUrl":"https:\/\/autocoin.ai\/wp-content\/uploads\/2026\/03\/cropped-Autocoin-favicon.jpeg","width":512,"height":512,"caption":"AutoCoin"},"image":{"@id":"https:\/\/autocoin.ai\/es\/#\/schema\/logo\/image\/"},"sameAs":["https:\/\/www.facebook.com\/AutoCoin\/","https:\/\/www.instagram.com\/autocoinai\/","https:\/\/t.me\/autocoinai"]}]}},"_links":{"self":[{"href":"https:\/\/autocoin.ai\/es\/wp-json\/wp\/v2\/product\/658509","targetHints":{"allow":["GET"]}}],"collection":[{"href":"https:\/\/autocoin.ai\/es\/wp-json\/wp\/v2\/product"}],"about":[{"href":"https:\/\/autocoin.ai\/es\/wp-json\/wp\/v2\/types\/product"}],"wp:featuredmedia":[{"embeddable":true,"href":"https:\/\/autocoin.ai\/es\/wp-json\/wp\/v2\/media\/658402"}],"wp:attachment":[{"href":"https:\/\/autocoin.ai\/es\/wp-json\/wp\/v2\/media?parent=658509"}],"wp:term":[{"taxonomy":"product_brand","embeddable":true,"href":"https:\/\/autocoin.ai\/es\/wp-json\/wp\/v2\/product_brand?post=658509"},{"taxonomy":"product_cat","embeddable":true,"href":"https:\/\/autocoin.ai\/es\/wp-json\/wp\/v2\/product_cat?post=658509"},{"taxonomy":"product_tag","embeddable":true,"href":"https:\/\/autocoin.ai\/es\/wp-json\/wp\/v2\/product_tag?post=658509"}],"curies":[{"name":"wp","href":"https:\/\/api.w.org\/{rel}","templated":true}]}}