{"id":658188,"date":"2025-09-20T12:15:01","date_gmt":"2025-09-20T12:15:01","guid":{"rendered":"https:\/\/autocoin.ai\/contacto\/"},"modified":"2026-04-02T17:26:47","modified_gmt":"2026-04-02T17:26:47","slug":"contacto","status":"publish","type":"page","link":"https:\/\/autocoin.ai\/es\/contacto\/","title":{"rendered":"Contacto"},"content":{"rendered":"\t\t<div data-elementor-type=\"wp-page\" data-elementor-id=\"658188\" class=\"elementor elementor-658188 elementor-658061\" data-elementor-post-type=\"page\">\n\t\t\t\t<div data-pix-dividers=\"&lt;div class=&quot;pix-divider  position-relative pix-bottom-divider&quot; data-style=&quot;style-6&quot; &gt;&lt;svg xmlns=&quot;http:\/\/www.w3.org\/2000\/svg&quot; width=&quot;100%&quot; height=&quot;100px&quot; viewBox=&quot;0 0 1200 116&quot; preserveAspectRatio=&quot;none&quot;&gt;&lt;path class=&quot;pix-divider-layer-1&quot; fill=&quot;var(--e-global-color-pixDynamicBackground)&quot; d=&quot;M0,110 C200,76.6666667 400,60 600,60 C800,60 1000,76.6666667 1200,110 L1200,116 L0,116 L0,110 Z&quot;\/&gt;&lt;defs&gt;&lt;\/defs&gt;&lt;\/svg&gt;&lt;\/div&gt;\" class=\"elementor-element elementor-element-5b07a92e e-flex e-con-boxed e-con e-parent\" data-id=\"5b07a92e\" data-element_type=\"container\" data-e-type=\"container\">\n\t\t\t\t\t<div class=\"e-con-inner\">\n\t\t<div class=\"elementor-element elementor-element-6cb2f6d6 e-con-full e-flex e-con e-child\" data-id=\"6cb2f6d6\" data-element_type=\"container\" data-e-type=\"container\">\n\t\t\t\t<div class=\"elementor-element elementor-element-42487ad1 elementor-widget elementor-widget-pix-sliding-text\" data-id=\"42487ad1\" data-element_type=\"widget\" data-e-type=\"widget\" data-widget_type=\"pix-sliding-text.default\">\n\t\t\t\t<div class=\"elementor-widget-container\">\n\t\t\t\t\t<div id=\"el-42487ad1\" class=\"mb-3 text-center \"><h1 class=\"mb-32 pix-sliding-headline-2 animate-in font-weight-bold secondary-font display-4 \" data-anim-type=\"pix-sliding-text\" pix-anim-delay=\"500\" data-class=\"secondary-font text-heading-default\" style=\"\"><span class=\"slide-in-container \"><span class=\"pix-sliding-item secondary-font text-heading-default\" style=\"transition-delay: 0ms;transition-duration: 500ms;\">Ponte&#32;<\/span><\/span> <span class=\"slide-in-container \"><span class=\"pix-sliding-item secondary-font text-heading-default\" style=\"transition-delay: 70ms;transition-duration: 500ms;\">en&#32;<\/span><\/span> <span class=\"slide-in-container \"><span class=\"pix-sliding-item secondary-font text-heading-default\" style=\"transition-delay: 140ms;transition-duration: 500ms;\">contacto&#32;<\/span><\/span> <span class=\"slide-in-container \"><span class=\"pix-sliding-item secondary-font text-heading-default\" style=\"transition-delay: 210ms;transition-duration: 500ms;\">con&#32;<\/span><\/span> <span class=\"slide-in-container \"><span class=\"pix-sliding-item secondary-font text-heading-default\" style=\"transition-delay: 280ms;transition-duration: 500ms;\">nosotros&#32;<\/span><\/span> <\/h1><\/div>\t\t\t\t<\/div>\n\t\t\t\t<\/div>\n\t\t\t\t<div class=\"elementor-element elementor-element-4226322 elementor-widget elementor-widget-pix-text\" data-id=\"4226322\" data-element_type=\"widget\" data-e-type=\"widget\" data-widget_type=\"pix-text.default\">\n\t\t\t\t<div class=\"elementor-widget-container\">\n\t\t\t\t\t<div class=\"pix-el-text w-100 text-center \" ><div class=\"d-inline-block\" style=\"max-width:500px;\"><p class=\"text-18 resp-option text-body-default text-center \" >\u00a1Estamos aqu\u00ed para ayudarte! Ponte en contacto con nosotros si tienes alguna pregunta o consulta, y nuestro equipo te responder\u00e1 lo antes posible.<\/p><\/div><\/div>\t\t\t\t<\/div>\n\t\t\t\t<\/div>\n\t\t\t\t<div class=\"elementor-element elementor-element-252cc4f9 elementor-widget elementor-widget-pix-button\" data-id=\"252cc4f9\" data-element_type=\"widget\" data-e-type=\"widget\" data-widget_type=\"pix-button.default\">\n\t\t\t\t<div class=\"elementor-widget-container\">\n\t\t\t\t\t<a  href=\"#pix_section_contact\" class=\"btn m-0      btn-primary d-inline-flex align-items-center pix-hover-item       btn-md\"     ><svg class=\"pixfort-icon font-weight-bold  pix-hover-left  mr-2\" width=\"24\" height=\"24\"  data-name=\"Line\/pixfort-icon-mail-closed-1\" viewBox=\"2 2 20 20\"><path fill=\"none\" stroke=\"var(--pf-icon-color)\" stroke-linecap=\"round\" stroke-linejoin=\"round\" stroke-width=\"var(--pf-icon-stroke-width)\" d=\"M5,5 L19,5 C20.1045695,5 21,5.8954305 21,7 L21,17 C21,18.1045695 20.1045695,19 19,19 L5,19 C3.8954305,19 3,18.1045695 3,17 L3,7 C3,5.8954305 3.8954305,5 5,5 Z M3.30149167,5.98779765 L10.7448982,11.9882141 C11.4774541,12.5787556 12.5225812,12.5787994 13.2551866,11.9883193 L20.7,5.98779765 L20.7,5.98779765\"\/><\/svg><span class=\"font-weight-bold \" >Contacta con nuestro equipo<\/span><\/a>\t\t\t\t<\/div>\n\t\t\t\t<\/div>\n\t\t\t\t<\/div>\n\t\t\t\t\t<\/div>\n\t\t\t\t<\/div>\n\t\t<div class=\"elementor-element elementor-element-3716a528 e-flex e-con-boxed e-con e-parent\" data-id=\"3716a528\" data-element_type=\"container\" data-e-type=\"container\" id=\"pix_section_contact\">\n\t\t\t\t\t<div class=\"e-con-inner\">\n\t\t<div class=\"elementor-element elementor-element-22a93618 e-con-full e-flex e-con e-child\" data-id=\"22a93618\" data-element_type=\"container\" data-e-type=\"container\">\n\t\t\t\t<div class=\"elementor-element elementor-element-3b24c55 elementor-widget elementor-widget-pix-sliding-text\" data-id=\"3b24c55\" data-element_type=\"widget\" data-e-type=\"widget\" data-widget_type=\"pix-sliding-text.default\">\n\t\t\t\t<div class=\"elementor-widget-container\">\n\t\t\t\t\t<div id=\"el-3b24c55\" class=\"mb-3 text-center \"><div class=\"d-inline-block\" style=\"max-width:600px;\"><h2 class=\"mb-32 pix-sliding-headline-2 animate-in font-weight-bold secondary-font \" data-anim-type=\"pix-sliding-text\" pix-anim-delay=\"500\" data-class=\"secondary-font text-heading-default\" style=\"\"><span class=\"slide-in-container \"><span class=\"pix-sliding-item secondary-font text-heading-default\" style=\"transition-delay: 0ms;transition-duration: 500ms;\">Cont\u00e1ctanos&#32;<\/span><\/span> <\/h2><\/div><\/div>\t\t\t\t<\/div>\n\t\t\t\t<\/div>\n\t\t\t\t<div class=\"elementor-element elementor-element-4acc282f elementor-widget elementor-widget-pix-text\" data-id=\"4acc282f\" data-element_type=\"widget\" data-e-type=\"widget\" data-widget_type=\"pix-text.default\">\n\t\t\t\t<div class=\"elementor-widget-container\">\n\t\t\t\t\t<div class=\"pix-el-text w-100 text-center \" ><div class=\"d-inline-block\" style=\"max-width:450px;\"><p class=\" resp-option  text-center \" >\u00a1Nos encantar\u00eda saber de ti! Rellena el siguiente formulario y nuestro equipo se pondr\u00e1 en contacto contigo lo antes posible.<\/p><\/div><\/div>\t\t\t\t<\/div>\n\t\t\t\t<\/div>\n\t\t\t\t<\/div>\n\t\t<div class=\"elementor-element elementor-element-6bef2f4c e-con-full e-flex e-con e-child\" data-id=\"6bef2f4c\" data-element_type=\"container\" data-e-type=\"container\">\n\t\t<div class=\"elementor-element elementor-element-7b17198a e-con-full e-flex e-con e-child\" data-id=\"7b17198a\" data-element_type=\"container\" data-e-type=\"container\" data-settings=\"{&quot;background_background&quot;:&quot;classic&quot;}\">\n\t\t<div class=\"pix-base-transition animate-in elementor-element elementor-element-780f923f e-con-full e-flex e-con e-child\" data-anim-type=\"fade-in-up\" data-anim-delay=\"100\" data-id=\"780f923f\" data-element_type=\"container\" data-e-type=\"container\" data-settings=\"{&quot;background_background&quot;:&quot;classic&quot;}\">\n\t\t\t\t<div class=\"elementor-element elementor-element-66367b08 elementor-widget elementor-widget-pix-heading\" data-id=\"66367b08\" data-element_type=\"widget\" data-e-type=\"widget\" data-widget_type=\"pix-heading.default\">\n\t\t\t\t<div class=\"elementor-widget-container\">\n\t\t\t\t\t<div  class=\"pix-heading-el text-left \"><h5 class=\"text-heading-default font-weight-bold h5 heading-text el-title_custom_color mb-12\" style=\"\" data-anim-type=\"\" data-anim-delay=\"\">Enviar un mensaje<\/h5><\/div>\t\t\t\t<\/div>\n\t\t\t\t<\/div>\n\t\t\t\t<div class=\"elementor-element elementor-element-68366bf7 elementor-widget elementor-widget-pix-text\" data-id=\"68366bf7\" data-element_type=\"widget\" data-e-type=\"widget\" data-widget_type=\"pix-text.default\">\n\t\t\t\t<div class=\"elementor-widget-container\">\n\t\t\t\t\t<div class=\"pix-el-text w-100 text-left \" ><div class=\"d-inline-block\" style=\"max-width:450px;\"><p class=\" resp-option text-body-default text-left \" >Si tienes alguna pregunta, comentario o inquietud, no dudes en ponerte en contacto con nosotros mediante el siguiente formulario.<\/p><\/div><\/div>\t\t\t\t<\/div>\n\t\t\t\t<\/div>\n\t\t\t\t<div class=\"elementor-element elementor-element-6356a9a2 elementor-widget elementor-widget-text-editor\" data-id=\"6356a9a2\" data-element_type=\"widget\" data-e-type=\"widget\" data-widget_type=\"text-editor.default\">\n\t\t\t\t\t\t\t\t\t\n<div class=\"wpcf7 no-js\" id=\"wpcf7-f658257-o1\" lang=\"es-ES\" dir=\"ltr\" data-wpcf7-id=\"658257\">\n<div class=\"screen-reader-response\"><p role=\"status\" aria-live=\"polite\" aria-atomic=\"true\"><\/p> <ul><\/ul><\/div>\n<form action=\"\/es\/wp-json\/wp\/v2\/pages\/658188#wpcf7-f658257-o1\" method=\"post\" class=\"wpcf7-form init\" aria-label=\"Formulario de contacto\" novalidate=\"novalidate\" data-status=\"init\">\n<fieldset class=\"hidden-fields-container\"><input type=\"hidden\" name=\"_wpcf7\" value=\"658257\" \/><input type=\"hidden\" name=\"_wpcf7_version\" value=\"6.1.5\" \/><input type=\"hidden\" name=\"_wpcf7_locale\" value=\"es_ES\" \/><input type=\"hidden\" name=\"_wpcf7_unit_tag\" value=\"wpcf7-f658257-o1\" \/><input type=\"hidden\" name=\"_wpcf7_container_post\" value=\"0\" \/><input type=\"hidden\" name=\"_wpcf7_posted_data_hash\" value=\"\" \/>\n<\/fieldset>\n<div class=\"pix-contact7-form\"><div class=\"contact-form\">\n\t<div class=\"row\">\n\t\t<div class=\"col-md-6\">\n\t\t\t<div class=\"form-grp\">\n\t\t\t\t<p><span class=\"wpcf7-form-control-wrap\" data-name=\"your-name\"><input size=\"40\" maxlength=\"400\" class=\"wpcf7-form-control wpcf7-text wpcf7-validates-as-required\" aria-required=\"true\" aria-invalid=\"false\" placeholder=\"Introduce tu nombre\" value=\"\" type=\"text\" name=\"your-name\" \/><\/span>\n\t\t\t\t<\/p>\n\t\t\t<\/div>\n\t\t<\/div>\n\t\t<div class=\"col-md-6\">\n\t\t\t<div class=\"form-grp\">\n\t\t\t\t<p><span class=\"wpcf7-form-control-wrap\" data-name=\"your-email\"><input size=\"40\" maxlength=\"400\" class=\"wpcf7-form-control wpcf7-email wpcf7-validates-as-required wpcf7-text wpcf7-validates-as-email\" aria-required=\"true\" aria-invalid=\"false\" placeholder=\"Introduce tu correo electr\u00f3nico\" value=\"\" type=\"email\" name=\"your-email\" \/><\/span>\n\t\t\t\t<\/p>\n\t\t\t<\/div>\n\t\t<\/div>\n\t<\/div>\n\t<div class=\"form-grp\">\n\t\t<p><span class=\"wpcf7-form-control-wrap\" data-name=\"your-message\"><textarea cols=\"40\" rows=\"10\" maxlength=\"2000\" class=\"wpcf7-form-control wpcf7-textarea\" aria-invalid=\"false\" placeholder=\"Introduce tu mensaje.....\" name=\"your-message\"><\/textarea><\/span>\n\t\t<\/p>\n\t<\/div>\n\t<p><button type=\"submit\" class=\"btn\">Enviar mensaje<\/button>\n\t<\/p>\n<\/div><\/div><div class=\"wpcf7-response-output\" aria-hidden=\"true\"><\/div>\n<\/form>\n<\/div>\n\t\t\t\t\t\t\t\t<\/div>\n\t\t\t\t<div class=\"elementor-element elementor-element-7c4c170e elementor-absolute elementor-hidden-mobile elementor-widget elementor-widget-pix-badge\" data-id=\"7c4c170e\" data-element_type=\"widget\" data-e-type=\"widget\" data-settings=\"{&quot;_position&quot;:&quot;absolute&quot;}\" data-widget_type=\"pix-badge.default\">\n\t\t\t\t<div class=\"elementor-widget-container\">\n\t\t\t\t\t<span class=\"pix-badge-element h6 d-inline-flex  \"  ><span class=\"badge font-weight-bold secondary-font badge-pill  bg-dynamic-gray-200  \" style=\" \"><span class=\"text-heading-default\" style=\"\">Contacta con el servicio de asistencia<\/span><\/span><\/span>\t\t\t\t<\/div>\n\t\t\t\t<\/div>\n\t\t\t\t<\/div>\n\t\t\t\t<\/div>\n\t\t\t\t<\/div>\n\t\t\t\t\t<\/div>\n\t\t\t\t<\/div>\n\t\t\t\t<\/div>\n\t\t","protected":false},"excerpt":{"rendered":"<p>Ponte&#32; en&#32; contacto&#32; con&#32; nosotros&#32; \u00a1Estamos aqu\u00ed para ayudarte! Ponte en contacto con nosotros si tienes alguna pregunta o consulta, y nuestro equipo te responder\u00e1 lo antes posible. Contacta con nuestro equipo Cont\u00e1ctanos&#32; \u00a1Nos encantar\u00eda saber de ti! Rellena el&#8230;<\/p>\n","protected":false},"author":1,"featured_media":658826,"parent":0,"menu_order":0,"comment_status":"closed","ping_status":"closed","template":"","meta":{"_acf_changed":false,"footnotes":""},"class_list":["post-658188","page","type-page","status-publish","has-post-thumbnail","hentry"],"acf":[],"yoast_head":"<!-- This site is optimized with the Yoast SEO plugin v27.3 - https:\/\/yoast.com\/product\/yoast-seo-wordpress\/ -->\n<title>Contacta con AutoCoin | Soporte de trading de criptomonedas con IA - AutoCoin<\/title>\n<meta name=\"description\" content=\"Ponte en contacto con el equipo de AutoCoin. Estamos aqu\u00ed para ayudarte con la configuraci\u00f3n de tu bot de trading de criptomonedas con IA, consultas de cuenta y soporte t\u00e9cnico.\" \/>\n<meta name=\"robots\" content=\"index, follow, max-snippet:-1, max-image-preview:large, max-video-preview:-1\" \/>\n<link rel=\"canonical\" href=\"https:\/\/autocoin.ai\/es\/contacto\/\" \/>\n<meta property=\"og:locale\" content=\"es_ES\" \/>\n<meta property=\"og:type\" content=\"article\" \/>\n<meta property=\"og:title\" content=\"Contacta con AutoCoin | Soporte de trading de criptomonedas con IA - AutoCoin\" \/>\n<meta property=\"og:description\" content=\"Ponte en contacto con el equipo de AutoCoin. Estamos aqu\u00ed para ayudarte con la configuraci\u00f3n de tu bot de trading de criptomonedas con IA, consultas de cuenta y soporte t\u00e9cnico.\" \/>\n<meta property=\"og:url\" content=\"https:\/\/autocoin.ai\/es\/contacto\/\" \/>\n<meta property=\"og:site_name\" content=\"AutoCoin\" \/>\n<meta property=\"article:publisher\" content=\"https:\/\/www.facebook.com\/AutoCoin\/\" \/>\n<meta property=\"article:modified_time\" content=\"2026-04-02T17:26:47+00:00\" \/>\n<meta property=\"og:image\" content=\"https:\/\/autocoin.ai\/wp-content\/uploads\/2026\/04\/AutocoinFav.jpg\" \/>\n\t<meta property=\"og:image:width\" content=\"647\" \/>\n\t<meta property=\"og:image:height\" content=\"663\" \/>\n\t<meta property=\"og:image:type\" content=\"image\/jpeg\" \/>\n<meta name=\"twitter:card\" content=\"summary_large_image\" \/>\n<meta name=\"twitter:image\" content=\"https:\/\/autocoin.ai\/wp-content\/uploads\/2026\/04\/AutocoinFav.jpg\" \/>\n<meta name=\"twitter:label1\" content=\"Tiempo de lectura\" \/>\n\t<meta name=\"twitter:data1\" content=\"1 minuto\" \/>\n<script type=\"application\/ld+json\" class=\"yoast-schema-graph\">{\"@context\":\"https:\\\/\\\/schema.org\",\"@graph\":[{\"@type\":\"WebPage\",\"@id\":\"https:\\\/\\\/autocoin.ai\\\/es\\\/contacto\\\/\",\"url\":\"https:\\\/\\\/autocoin.ai\\\/es\\\/contacto\\\/\",\"name\":\"Contacta con AutoCoin | Soporte de trading de criptomonedas con IA - AutoCoin\",\"isPartOf\":{\"@id\":\"https:\\\/\\\/autocoin.ai\\\/es\\\/#website\"},\"primaryImageOfPage\":{\"@id\":\"https:\\\/\\\/autocoin.ai\\\/es\\\/contacto\\\/#primaryimage\"},\"image\":{\"@id\":\"https:\\\/\\\/autocoin.ai\\\/es\\\/contacto\\\/#primaryimage\"},\"thumbnailUrl\":\"https:\\\/\\\/autocoin.ai\\\/wp-content\\\/uploads\\\/2026\\\/03\\\/Autocoin-favicon.jpeg\",\"datePublished\":\"2025-09-20T12:15:01+00:00\",\"dateModified\":\"2026-04-02T17:26:47+00:00\",\"description\":\"Ponte en contacto con el equipo de AutoCoin. Estamos aqu\u00ed para ayudarte con la configuraci\u00f3n de tu bot de trading de criptomonedas con IA, consultas de cuenta y soporte t\u00e9cnico.\",\"breadcrumb\":{\"@id\":\"https:\\\/\\\/autocoin.ai\\\/es\\\/contacto\\\/#breadcrumb\"},\"inLanguage\":\"es\",\"potentialAction\":[{\"@type\":\"ReadAction\",\"target\":[\"https:\\\/\\\/autocoin.ai\\\/es\\\/contacto\\\/\"]}]},{\"@type\":\"ImageObject\",\"inLanguage\":\"es\",\"@id\":\"https:\\\/\\\/autocoin.ai\\\/es\\\/contacto\\\/#primaryimage\",\"url\":\"https:\\\/\\\/autocoin.ai\\\/wp-content\\\/uploads\\\/2026\\\/03\\\/Autocoin-favicon.jpeg\",\"contentUrl\":\"https:\\\/\\\/autocoin.ai\\\/wp-content\\\/uploads\\\/2026\\\/03\\\/Autocoin-favicon.jpeg\",\"width\":1920,\"height\":1080},{\"@type\":\"BreadcrumbList\",\"@id\":\"https:\\\/\\\/autocoin.ai\\\/es\\\/contacto\\\/#breadcrumb\",\"itemListElement\":[{\"@type\":\"ListItem\",\"position\":1,\"name\":\"Home\",\"item\":\"https:\\\/\\\/autocoin.ai\\\/es\\\/inicio\\\/\"},{\"@type\":\"ListItem\",\"position\":2,\"name\":\"Contacto\"}]},{\"@type\":\"WebSite\",\"@id\":\"https:\\\/\\\/autocoin.ai\\\/es\\\/#website\",\"url\":\"https:\\\/\\\/autocoin.ai\\\/es\\\/\",\"name\":\"AutoCoin\",\"description\":\"The Future of Trading\",\"publisher\":{\"@id\":\"https:\\\/\\\/autocoin.ai\\\/es\\\/#organization\"},\"potentialAction\":[{\"@type\":\"SearchAction\",\"target\":{\"@type\":\"EntryPoint\",\"urlTemplate\":\"https:\\\/\\\/autocoin.ai\\\/es\\\/?s={search_term_string}\"},\"query-input\":{\"@type\":\"PropertyValueSpecification\",\"valueRequired\":true,\"valueName\":\"search_term_string\"}}],\"inLanguage\":\"es\"},{\"@type\":\"Organization\",\"@id\":\"https:\\\/\\\/autocoin.ai\\\/es\\\/#organization\",\"name\":\"AutoCoin\",\"url\":\"https:\\\/\\\/autocoin.ai\\\/es\\\/\",\"logo\":{\"@type\":\"ImageObject\",\"inLanguage\":\"es\",\"@id\":\"https:\\\/\\\/autocoin.ai\\\/es\\\/#\\\/schema\\\/logo\\\/image\\\/\",\"url\":\"https:\\\/\\\/autocoin.ai\\\/wp-content\\\/uploads\\\/2026\\\/03\\\/cropped-Autocoin-favicon.jpeg\",\"contentUrl\":\"https:\\\/\\\/autocoin.ai\\\/wp-content\\\/uploads\\\/2026\\\/03\\\/cropped-Autocoin-favicon.jpeg\",\"width\":512,\"height\":512,\"caption\":\"AutoCoin\"},\"image\":{\"@id\":\"https:\\\/\\\/autocoin.ai\\\/es\\\/#\\\/schema\\\/logo\\\/image\\\/\"},\"sameAs\":[\"https:\\\/\\\/www.facebook.com\\\/AutoCoin\\\/\",\"https:\\\/\\\/www.instagram.com\\\/autocoinai\\\/\",\"https:\\\/\\\/t.me\\\/autocoinai\"]}]}<\/script>\n<!-- \/ Yoast SEO plugin. -->","yoast_head_json":{"title":"Contacta con AutoCoin | Soporte de trading de criptomonedas con IA - AutoCoin","description":"Ponte en contacto con el equipo de AutoCoin. Estamos aqu\u00ed para ayudarte con la configuraci\u00f3n de tu bot de trading de criptomonedas con IA, consultas de cuenta y soporte t\u00e9cnico.","robots":{"index":"index","follow":"follow","max-snippet":"max-snippet:-1","max-image-preview":"max-image-preview:large","max-video-preview":"max-video-preview:-1"},"canonical":"https:\/\/autocoin.ai\/es\/contacto\/","og_locale":"es_ES","og_type":"article","og_title":"Contacta con AutoCoin | Soporte de trading de criptomonedas con IA - AutoCoin","og_description":"Ponte en contacto con el equipo de AutoCoin. Estamos aqu\u00ed para ayudarte con la configuraci\u00f3n de tu bot de trading de criptomonedas con IA, consultas de cuenta y soporte t\u00e9cnico.","og_url":"https:\/\/autocoin.ai\/es\/contacto\/","og_site_name":"AutoCoin","article_publisher":"https:\/\/www.facebook.com\/AutoCoin\/","article_modified_time":"2026-04-02T17:26:47+00:00","og_image":[{"url":"https:\/\/autocoin.ai\/wp-content\/uploads\/2026\/04\/AutocoinFav.jpg","width":647,"height":663,"type":"image\/jpeg"}],"twitter_card":"summary_large_image","twitter_image":"https:\/\/autocoin.ai\/wp-content\/uploads\/2026\/04\/AutocoinFav.jpg","twitter_misc":{"Tiempo de lectura":"1 minuto"},"schema":{"@context":"https:\/\/schema.org","@graph":[{"@type":"WebPage","@id":"https:\/\/autocoin.ai\/es\/contacto\/","url":"https:\/\/autocoin.ai\/es\/contacto\/","name":"Contacta con AutoCoin | Soporte de trading de criptomonedas con IA - AutoCoin","isPartOf":{"@id":"https:\/\/autocoin.ai\/es\/#website"},"primaryImageOfPage":{"@id":"https:\/\/autocoin.ai\/es\/contacto\/#primaryimage"},"image":{"@id":"https:\/\/autocoin.ai\/es\/contacto\/#primaryimage"},"thumbnailUrl":"https:\/\/autocoin.ai\/wp-content\/uploads\/2026\/03\/Autocoin-favicon.jpeg","datePublished":"2025-09-20T12:15:01+00:00","dateModified":"2026-04-02T17:26:47+00:00","description":"Ponte en contacto con el equipo de AutoCoin. Estamos aqu\u00ed para ayudarte con la configuraci\u00f3n de tu bot de trading de criptomonedas con IA, consultas de cuenta y soporte t\u00e9cnico.","breadcrumb":{"@id":"https:\/\/autocoin.ai\/es\/contacto\/#breadcrumb"},"inLanguage":"es","potentialAction":[{"@type":"ReadAction","target":["https:\/\/autocoin.ai\/es\/contacto\/"]}]},{"@type":"ImageObject","inLanguage":"es","@id":"https:\/\/autocoin.ai\/es\/contacto\/#primaryimage","url":"https:\/\/autocoin.ai\/wp-content\/uploads\/2026\/03\/Autocoin-favicon.jpeg","contentUrl":"https:\/\/autocoin.ai\/wp-content\/uploads\/2026\/03\/Autocoin-favicon.jpeg","width":1920,"height":1080},{"@type":"BreadcrumbList","@id":"https:\/\/autocoin.ai\/es\/contacto\/#breadcrumb","itemListElement":[{"@type":"ListItem","position":1,"name":"Home","item":"https:\/\/autocoin.ai\/es\/inicio\/"},{"@type":"ListItem","position":2,"name":"Contacto"}]},{"@type":"WebSite","@id":"https:\/\/autocoin.ai\/es\/#website","url":"https:\/\/autocoin.ai\/es\/","name":"AutoCoin","description":"The Future of Trading","publisher":{"@id":"https:\/\/autocoin.ai\/es\/#organization"},"potentialAction":[{"@type":"SearchAction","target":{"@type":"EntryPoint","urlTemplate":"https:\/\/autocoin.ai\/es\/?s={search_term_string}"},"query-input":{"@type":"PropertyValueSpecification","valueRequired":true,"valueName":"search_term_string"}}],"inLanguage":"es"},{"@type":"Organization","@id":"https:\/\/autocoin.ai\/es\/#organization","name":"AutoCoin","url":"https:\/\/autocoin.ai\/es\/","logo":{"@type":"ImageObject","inLanguage":"es","@id":"https:\/\/autocoin.ai\/es\/#\/schema\/logo\/image\/","url":"https:\/\/autocoin.ai\/wp-content\/uploads\/2026\/03\/cropped-Autocoin-favicon.jpeg","contentUrl":"https:\/\/autocoin.ai\/wp-content\/uploads\/2026\/03\/cropped-Autocoin-favicon.jpeg","width":512,"height":512,"caption":"AutoCoin"},"image":{"@id":"https:\/\/autocoin.ai\/es\/#\/schema\/logo\/image\/"},"sameAs":["https:\/\/www.facebook.com\/AutoCoin\/","https:\/\/www.instagram.com\/autocoinai\/","https:\/\/t.me\/autocoinai"]}]}},"_links":{"self":[{"href":"https:\/\/autocoin.ai\/es\/wp-json\/wp\/v2\/pages\/658188","targetHints":{"allow":["GET"]}}],"collection":[{"href":"https:\/\/autocoin.ai\/es\/wp-json\/wp\/v2\/pages"}],"about":[{"href":"https:\/\/autocoin.ai\/es\/wp-json\/wp\/v2\/types\/page"}],"author":[{"embeddable":true,"href":"https:\/\/autocoin.ai\/es\/wp-json\/wp\/v2\/users\/1"}],"replies":[{"embeddable":true,"href":"https:\/\/autocoin.ai\/es\/wp-json\/wp\/v2\/comments?post=658188"}],"version-history":[{"count":1,"href":"https:\/\/autocoin.ai\/es\/wp-json\/wp\/v2\/pages\/658188\/revisions"}],"predecessor-version":[{"id":658898,"href":"https:\/\/autocoin.ai\/es\/wp-json\/wp\/v2\/pages\/658188\/revisions\/658898"}],"wp:featuredmedia":[{"embeddable":true,"href":"https:\/\/autocoin.ai\/es\/wp-json\/wp\/v2\/media\/658826"}],"wp:attachment":[{"href":"https:\/\/autocoin.ai\/es\/wp-json\/wp\/v2\/media?parent=658188"}],"curies":[{"name":"wp","href":"https:\/\/api.w.org\/{rel}","templated":true}]}}